{"id":67,"date":"2015-09-08T08:17:50","date_gmt":"2015-09-08T11:17:50","guid":{"rendered":"https:\/\/www.aresb.com.br\/portal\/?page_id=67"},"modified":"2023-04-23T08:24:50","modified_gmt":"2023-04-23T11:24:50","slug":"trabalhos","status":"publish","type":"page","link":"https:\/\/www.aresb.com.br\/portal\/trabalhos\/","title":{"rendered":"Trabalhos"},"content":{"rendered":"<div class=\"wpb-content-wrapper\">[vc_row][vc_column][vc_column_text css_animation=&#8221;top-to-bottom&#8221;]<a href=\"https:\/\/www.aresb.com.br\/portal\/planilha-resinagem-aresb-1-0\/\">PLANILHA RESINAGEM ARESB 1.0<\/a><\/p>\n<p><a href=\"https:\/\/www.aresb.com.br\/portal\/analise-economico-finaceira-da-exploracao-de-pinus-resinifero-em-pequenos-modulos-r_\/\">AN\u00c1LISE ECON\u00d4MICO-FINANCEIRA DA EXPLORA\u00c7\u00c3O DE PINUS RESIN\u00cdFERO EM PEQUENOS M\u00d3DULOS<\/a><\/p>\n<p><a href=\"https:\/\/www.aresb.com.br\/portal\/novas-alternativas-de-resinagem-de-pinus\/\">NOVAS ALTERNATIVAS DE RESINAGEM DE PINUS<\/a><\/p>\n<p><a href=\"http:\/\/www.teses.usp.br\/teses\/disponiveis\/11\/11132\/tde-23102002-172920\/\">ANALISE DA CADEIA PRODUTIVA E ESTRUTURA CUSTOS DO SETOR BRASILEIRO PRODUTOS RESINOSOS (LINK)<\/a><\/p>\n<p><a href=\"https:\/\/www.aresb.com.br\/portal\/fisiologia-da-producao-de-resina-em-pinus\/\">FISIOLOGIA DA PRODU\u00c7\u00c3O DE RESINA EM PINUS<\/a><\/p>\n<p><a href=\"https:\/\/www.aresb.com.br\/portal\/programa-de-competitividade-e-produtividade-do-setor-de-goma-resina-de-pinus-do-brasil\/\">PROGRAMA DE COMPETITIVIDADE E PRODUTIVIDADE DO SETOR DE GOMA RESINA DE PINUS DO BRASIL<\/a><\/p>\n<p><a href=\"http:\/\/paginas.terra.com.br\/negocios\/alexcunn\">OLEORESINA DE PINUS &#8211; MIERA PINE GUM OLEORESIN (LINK)<\/a><\/p>\n<p><a href=\"https:\/\/www.aresb.com.br\/portal\/aspectos-tributarios-atividade-rural-as-sociedades-no-codigo-civil\/\">ASPECTOS TRIBUT\u00c1RIOS: ATIVIDADE RURAL\/ AS SOCIEDADES NO C\u00d3DIGO CIVIL<\/a><\/p>\n<p><a href=\"https:\/\/www.aresb.com.br\/portal\/programa-resina-fase-i\/\">PROGRAMA RESINA FASE I<\/a><\/p>\n<p><a href=\"https:\/\/www.aresb.com.br\/portal\/programa-resina-fase-ii\/\">PROGRAMA RESINA FASE II<\/a><\/p>\n<p><a href=\"https:\/\/www.aresb.com.br\/portal\/pinus-o-produto-oleo-resina-no-brasil\/\">PINUS &#8211; O PRODUTO \u00d3LEO RESINA NO BRASIL<\/a><\/p>\n<p><a href=\"https:\/\/www.aresb.com.br\/portal\/danos-economicos-causados-pelo-pastoreio-de-bovinos\/\">DANOS ECON\u00d4MICOS CAUSADOS PELO PASTOREIO DE BOVINOS<\/a>[\/vc_column_text][\/vc_column][\/vc_row]\n<\/div>","protected":false},"excerpt":{"rendered":"<p>[vc_row][vc_column][vc_column_text css_animation=&#8221;top-to-bottom&#8221;]PLANILHA RESINAGEM ARESB 1.0 AN\u00c1LISE ECON\u00d4MICO-FINANCEIRA DA EXPLORA\u00c7\u00c3O DE PINUS RESIN\u00cdFERO EM PEQUENOS M\u00d3DULOS NOVAS ALTERNATIVAS DE RESINAGEM DE PINUS ANALISE DA CADEIA PRODUTIVA E ESTRUTURA CUSTOS DO SETOR BRASILEIRO PRODUTOS RESINOSOS (LINK) FISIOLOGIA DA PRODU\u00c7\u00c3O DE RESINA EM PINUS PROGRAMA DE COMPETITIVIDADE E PRODUTIVIDADE DO SETOR DE GOMA RESINA DE PINUS DO BRASIL [&hellip;]<\/p>\n","protected":false},"author":1,"featured_media":0,"parent":0,"menu_order":0,"comment_status":"closed","ping_status":"closed","template":"","meta":[],"_links":{"self":[{"href":"https:\/\/www.aresb.com.br\/portal\/wp-json\/wp\/v2\/pages\/67"}],"collection":[{"href":"https:\/\/www.aresb.com.br\/portal\/wp-json\/wp\/v2\/pages"}],"about":[{"href":"https:\/\/www.aresb.com.br\/portal\/wp-json\/wp\/v2\/types\/page"}],"author":[{"embeddable":true,"href":"https:\/\/www.aresb.com.br\/portal\/wp-json\/wp\/v2\/users\/1"}],"replies":[{"embeddable":true,"href":"https:\/\/www.aresb.com.br\/portal\/wp-json\/wp\/v2\/comments?post=67"}],"version-history":[{"count":7,"href":"https:\/\/www.aresb.com.br\/portal\/wp-json\/wp\/v2\/pages\/67\/revisions"}],"predecessor-version":[{"id":1950,"href":"https:\/\/www.aresb.com.br\/portal\/wp-json\/wp\/v2\/pages\/67\/revisions\/1950"}],"wp:attachment":[{"href":"https:\/\/www.aresb.com.br\/portal\/wp-json\/wp\/v2\/media?parent=67"}],"curies":[{"name":"wp","href":"https:\/\/api.w.org\/{rel}","templated":true}]}}