{"id":57,"date":"2015-09-08T08:14:35","date_gmt":"2015-09-08T11:14:35","guid":{"rendered":"https:\/\/www.aresb.com.br\/portal\/?page_id=57"},"modified":"2015-12-09T14:02:49","modified_gmt":"2015-12-09T17:02:49","slug":"historico","status":"publish","type":"page","link":"https:\/\/www.aresb.com.br\/portal\/historico\/","title":{"rendered":"Hist\u00f3rico"},"content":{"rendered":"<div class=\"wpb-content-wrapper\">[vc_row][vc_column][vc_column_text css_animation=&#8221;top-to-bottom&#8221;]ASSOCIA\u00c7\u00c3O DOS RESINADORES DO BRASIL<\/p>\n<p>Fundada em 07 de dezembro de 1984, a ARESB &#8211; Associa\u00e7\u00e3o dos Resinadores do Brasil \u00e9 uma sociedade civil sem fins lucrativos, tem como objetivo congregar todos aqueles que se dedicam \u00e0 colheita de \u00f3leo de Pinus spp, defender seus direitos, bem como cientific\u00e1-los de seus deveres e obriga\u00e7\u00f5es legais.<\/p>\n<p>A busca do aprimoramento, atrav\u00e9s de confer\u00eancias, cursos de aperfei\u00e7oamento t\u00e9cnico e a maior efici\u00eancia dos servi\u00e7os na extra\u00e7\u00e3o de resina s\u00e3o uma constante junto aos associados.<\/p>\n<p>Na d\u00e9cada de 80, a ARESB teve fun\u00e7\u00e3o importante no in\u00edcio das exporta\u00e7\u00f5es. Atuando junto a \u00f3rg\u00e3os governamentais, obteve uma grande vit\u00f3ria com as primeiras exporta\u00e7\u00f5es de goma resina in natura.<\/p>\n<p>O Brasil passava de importador a exportador de breu, conquistando assim o mercado internacional.<\/p>\n<p>A atividade resineira no pa\u00eds se tornou importante atrav\u00e9s da gera\u00e7\u00e3o de empregos no campo, criando uma atividade econ\u00f4mica de import\u00e2ncia nacional.<\/p>\n<p>O desafio para o s\u00e9culo XXI \u00e9 dobrar a produ\u00e7\u00e3o, atualmente em torno de 90 mil toneladas ano, alavancados pelo programa de competitividade do setor de resinas de Pinus, atrav\u00e9s dos conv\u00eanios com Institui\u00e7\u00f5es de pesquisas.[\/vc_column_text][\/vc_column][\/vc_row]\n<\/div>","protected":false},"excerpt":{"rendered":"<p>[vc_row][vc_column][vc_column_text css_animation=&#8221;top-to-bottom&#8221;]ASSOCIA\u00c7\u00c3O DOS RESINADORES DO BRASIL Fundada em 07 de dezembro de 1984, a ARESB &#8211; Associa\u00e7\u00e3o dos Resinadores do Brasil \u00e9 uma sociedade civil sem fins lucrativos, tem como objetivo congregar todos aqueles que se dedicam \u00e0 colheita de \u00f3leo de Pinus spp, defender seus direitos, bem como cientific\u00e1-los de seus deveres e obriga\u00e7\u00f5es [&hellip;]<\/p>\n","protected":false},"author":1,"featured_media":0,"parent":0,"menu_order":0,"comment_status":"closed","ping_status":"closed","template":"","meta":[],"_links":{"self":[{"href":"https:\/\/www.aresb.com.br\/portal\/wp-json\/wp\/v2\/pages\/57"}],"collection":[{"href":"https:\/\/www.aresb.com.br\/portal\/wp-json\/wp\/v2\/pages"}],"about":[{"href":"https:\/\/www.aresb.com.br\/portal\/wp-json\/wp\/v2\/types\/page"}],"author":[{"embeddable":true,"href":"https:\/\/www.aresb.com.br\/portal\/wp-json\/wp\/v2\/users\/1"}],"replies":[{"embeddable":true,"href":"https:\/\/www.aresb.com.br\/portal\/wp-json\/wp\/v2\/comments?post=57"}],"version-history":[{"count":2,"href":"https:\/\/www.aresb.com.br\/portal\/wp-json\/wp\/v2\/pages\/57\/revisions"}],"predecessor-version":[{"id":186,"href":"https:\/\/www.aresb.com.br\/portal\/wp-json\/wp\/v2\/pages\/57\/revisions\/186"}],"wp:attachment":[{"href":"https:\/\/www.aresb.com.br\/portal\/wp-json\/wp\/v2\/media?parent=57"}],"curies":[{"name":"wp","href":"https:\/\/api.w.org\/{rel}","templated":true}]}}